
{"id":13270,"date":"2026-03-13T15:32:43","date_gmt":"2026-03-13T14:32:43","guid":{"rendered":"https:\/\/lst-defibrillateur.fr\/?page_id=13270"},"modified":"2026-03-13T16:04:13","modified_gmt":"2026-03-13T15:04:13","slug":"les-gestes-qui-sauvent-entreprise","status":"publish","type":"page","link":"https:\/\/lst-defibrillateur.fr\/index.php\/les-gestes-qui-sauvent-entreprise\/","title":{"rendered":"Les gestes qui sauvent en entreprise : d\u00e9fibrillateur, formation SST et cas concrets"},"content":{"rendered":"\t\t<div data-elementor-type=\"wp-page\" data-elementor-id=\"13270\" class=\"elementor elementor-13270\" data-elementor-post-type=\"page\">\n\t\t\t\t\t\t<section class=\"elementor-section elementor-top-section elementor-element elementor-element-e481132 elementor-section-full_width elementor-section-stretched elementor-section-height-default elementor-section-height-default\" data-id=\"e481132\" data-element_type=\"section\" data-e-type=\"section\" data-settings=\"{&quot;stretch_section&quot;:&quot;section-stretched&quot;,&quot;background_background&quot;:&quot;classic&quot;}\">\n\t\t\t\t\t\t<div class=\"elementor-container elementor-column-gap-default\">\n\t\t\t\t\t<div class=\"elementor-column elementor-col-50 elementor-top-column elementor-element elementor-element-81b657e elementor-hidden-tablet elementor-hidden-mobile\" data-id=\"81b657e\" data-element_type=\"column\" data-e-type=\"column\" data-settings=\"{&quot;background_background&quot;:&quot;classic&quot;}\">\n\t\t\t<div class=\"elementor-widget-wrap elementor-element-populated\">\n\t\t\t\t\t\t<div class=\"elementor-element elementor-element-0737c0e elementor-widget elementor-widget-image\" data-id=\"0737c0e\" data-element_type=\"widget\" data-e-type=\"widget\" data-widget_type=\"image.default\">\n\t\t\t\t<div class=\"elementor-widget-container\">\n\t\t\t\t\t\t\t\t\t\t\t\t\t\t\t<img decoding=\"async\" src=\"https:\/\/lst-defibrillateur.fr\/wp-content\/uploads\/2026\/03\/Defibrillateurs.jpg\" title=\"Defibrillateurs\" alt=\"Defibrillateurs\" loading=\"lazy\" \/>\t\t\t\t\t\t\t\t\t\t\t\t\t\t\t<\/div>\n\t\t\t\t<\/div>\n\t\t\t\t\t<\/div>\n\t\t<\/div>\n\t\t\t\t<div class=\"elementor-column elementor-col-50 elementor-top-column elementor-element elementor-element-7c925a0\" data-id=\"7c925a0\" data-element_type=\"column\" data-e-type=\"column\" data-settings=\"{&quot;background_background&quot;:&quot;gradient&quot;}\">\n\t\t\t<div class=\"elementor-widget-wrap elementor-element-populated\">\n\t\t\t\t\t\t<section class=\"elementor-section elementor-inner-section elementor-element elementor-element-026183a elementor-section-boxed elementor-section-height-default elementor-section-height-default\" data-id=\"026183a\" data-element_type=\"section\" data-e-type=\"section\" data-settings=\"{&quot;background_background&quot;:&quot;classic&quot;}\">\n\t\t\t\t\t\t<div class=\"elementor-container elementor-column-gap-default\">\n\t\t\t\t\t<div class=\"elementor-column elementor-col-33 elementor-inner-column elementor-element elementor-element-86749bc\" data-id=\"86749bc\" data-element_type=\"column\" data-e-type=\"column\">\n\t\t\t<div class=\"elementor-widget-wrap\">\n\t\t\t\t\t\t\t<\/div>\n\t\t<\/div>\n\t\t\t\t<div class=\"elementor-column elementor-col-33 elementor-inner-column elementor-element elementor-element-acabbe6\" data-id=\"acabbe6\" data-element_type=\"column\" data-e-type=\"column\" data-settings=\"{&quot;background_background&quot;:&quot;classic&quot;}\">\n\t\t\t<div class=\"elementor-widget-wrap elementor-element-populated\">\n\t\t\t\t\t\t<div class=\"elementor-element elementor-element-c3c5721 elementor-hidden-desktop elementor-hidden-laptop elementor-hidden-tablet elementor-widget elementor-widget-image\" data-id=\"c3c5721\" data-element_type=\"widget\" data-e-type=\"widget\" data-widget_type=\"image.default\">\n\t\t\t\t<div class=\"elementor-widget-container\">\n\t\t\t\t\t\t\t\t\t\t\t\t\t\t\t<img decoding=\"async\" src=\"https:\/\/lst-defibrillateur.fr\/wp-content\/uploads\/2026\/03\/Defibrillateurs.jpg\" title=\"Defibrillateurs\" alt=\"Defibrillateurs\" loading=\"lazy\" \/>\t\t\t\t\t\t\t\t\t\t\t\t\t\t\t<\/div>\n\t\t\t\t<\/div>\n\t\t\t\t<div class=\"elementor-element elementor-element-c6866e7 elementor-widget__width-inherit elementor-widget elementor-widget-oment-hero-title\" data-id=\"c6866e7\" data-element_type=\"widget\" data-e-type=\"widget\" data-widget_type=\"oment-hero-title.default\">\n\t\t\t\t<div class=\"elementor-widget-container\">\n\t\t\t\t\t        \n        \n        <div class=\"section-title text-left sec-title-animation animation-style2 oment-hero-title\">\n                        \n                        <h1 class=\"section-title__title title-animation oment-title oment-size-default\">Les gestes qui sauvent en entreprise<\/h1>                        \n                    <\/div>\n    \t\n    \t\t\t\t<\/div>\n\t\t\t\t<\/div>\n\t\t\t\t<div class=\"elementor-element elementor-element-890e1f0 elementor-widget elementor-widget-text-editor\" data-id=\"890e1f0\" data-element_type=\"widget\" data-e-type=\"widget\" data-widget_type=\"text-editor.default\">\n\t\t\t\t<div class=\"elementor-widget-container\">\n\t\t\t\t\t\t\t\t\t<p>Un arr\u00eat cardiaque peut survenir \u00e0 tout moment, y compris sur le lieu de travail.<br data-start=\"441\" data-end=\"444\" \/>Dans un atelier, un bureau, un entrep\u00f4t ou un \u00e9tablissement recevant du public, chaque minute compte.<\/p>\t\t\t\t\t\t\t\t<\/div>\n\t\t\t\t<\/div>\n\t\t\t\t<div class=\"elementor-element elementor-element-fb667a5 elementor-widget elementor-widget-text-editor\" data-id=\"fb667a5\" data-element_type=\"widget\" data-e-type=\"widget\" data-widget_type=\"text-editor.default\">\n\t\t\t\t<div class=\"elementor-widget-container\">\n\t\t\t\t\t\t\t\t\t<p>Face \u00e0 une urgence vitale, les gestes qui sauvent en entreprise ne rel\u00e8vent ni du hasard ni de l\u2019improvisation.<br data-start=\"658\" data-end=\"661\" \/>Ils reposent sur trois piliers essentiels :<\/p>\t\t\t\t\t\t\t\t<\/div>\n\t\t\t\t<\/div>\n\t\t\t\t<div class=\"elementor-element elementor-element-d83a840 elementor-icon-list--layout-traditional elementor-list-item-link-full_width elementor-widget elementor-widget-icon-list\" data-id=\"d83a840\" data-element_type=\"widget\" data-e-type=\"widget\" data-widget_type=\"icon-list.default\">\n\t\t\t\t<div class=\"elementor-widget-container\">\n\t\t\t\t\t\t\t<ul class=\"elementor-icon-list-items\">\n\t\t\t\t\t\t\t<li class=\"elementor-icon-list-item\">\n\t\t\t\t\t\t\t\t\t\t\t<span class=\"elementor-icon-list-icon\">\n\t\t\t\t\t\t\t<svg aria-hidden=\"true\" class=\"e-font-icon-svg e-fas-check\" viewBox=\"0 0 512 512\" xmlns=\"http:\/\/www.w3.org\/2000\/svg\"><path d=\"M173.898 439.404l-166.4-166.4c-9.997-9.997-9.997-26.206 0-36.204l36.203-36.204c9.997-9.998 26.207-9.998 36.204 0L192 312.69 432.095 72.596c9.997-9.997 26.207-9.997 36.204 0l36.203 36.204c9.997 9.997 9.997 26.206 0 36.204l-294.4 294.401c-9.998 9.997-26.207 9.997-36.204-.001z\"><\/path><\/svg>\t\t\t\t\t\t<\/span>\n\t\t\t\t\t\t\t\t\t\t<span class=\"elementor-icon-list-text\">la r\u00e9activit\u00e9 des \u00e9quipes,<\/span>\n\t\t\t\t\t\t\t\t\t<\/li>\n\t\t\t\t\t\t\t\t<li class=\"elementor-icon-list-item\">\n\t\t\t\t\t\t\t\t\t\t\t<span class=\"elementor-icon-list-icon\">\n\t\t\t\t\t\t\t<svg aria-hidden=\"true\" class=\"e-font-icon-svg e-fas-check\" viewBox=\"0 0 512 512\" xmlns=\"http:\/\/www.w3.org\/2000\/svg\"><path d=\"M173.898 439.404l-166.4-166.4c-9.997-9.997-9.997-26.206 0-36.204l36.203-36.204c9.997-9.998 26.207-9.998 36.204 0L192 312.69 432.095 72.596c9.997-9.997 26.207-9.997 36.204 0l36.203 36.204c9.997 9.997 9.997 26.206 0 36.204l-294.4 294.401c-9.998 9.997-26.207 9.997-36.204-.001z\"><\/path><\/svg>\t\t\t\t\t\t<\/span>\n\t\t\t\t\t\t\t\t\t\t<span class=\"elementor-icon-list-text\">la pr\u00e9sence d\u2019un d\u00e9fibrillateur automatis\u00e9 externe (DAE),<\/span>\n\t\t\t\t\t\t\t\t\t<\/li>\n\t\t\t\t\t\t\t\t<li class=\"elementor-icon-list-item\">\n\t\t\t\t\t\t\t\t\t\t\t<span class=\"elementor-icon-list-icon\">\n\t\t\t\t\t\t\t<svg aria-hidden=\"true\" class=\"e-font-icon-svg e-fas-check\" viewBox=\"0 0 512 512\" xmlns=\"http:\/\/www.w3.org\/2000\/svg\"><path d=\"M173.898 439.404l-166.4-166.4c-9.997-9.997-9.997-26.206 0-36.204l36.203-36.204c9.997-9.998 26.207-9.998 36.204 0L192 312.69 432.095 72.596c9.997-9.997 26.207-9.997 36.204 0l36.203 36.204c9.997 9.997 9.997 26.206 0 36.204l-294.4 294.401c-9.998 9.997-26.207 9.997-36.204-.001z\"><\/path><\/svg>\t\t\t\t\t\t<\/span>\n\t\t\t\t\t\t\t\t\t\t<span class=\"elementor-icon-list-text\">la formation aux premiers secours, notamment la formation Sauveteur Secouriste du Travail (SST).<\/span>\n\t\t\t\t\t\t\t\t\t<\/li>\n\t\t\t\t\t\t<\/ul>\n\t\t\t\t\t\t<\/div>\n\t\t\t\t<\/div>\n\t\t\t\t<div class=\"elementor-element elementor-element-eed34ea elementor-widget elementor-widget-text-editor\" data-id=\"eed34ea\" data-element_type=\"widget\" data-e-type=\"widget\" data-widget_type=\"text-editor.default\">\n\t\t\t\t<div class=\"elementor-widget-container\">\n\t\t\t\t\t\t\t\t\t<p>Cette rubrique a pour vocation d\u2019expliquer, \u00e0 travers des cas concrets, des retours d\u2019exp\u00e9rience et des analyses p\u00e9dagogiques, pourquoi disposer d\u2019un d\u00e9fibrillateur en entreprise et former ses collaborateurs peut faire toute la diff\u00e9rence lors d\u2019un arr\u00eat cardiaque au travail.<\/p>\t\t\t\t\t\t\t\t<\/div>\n\t\t\t\t<\/div>\n\t\t\t\t\t<\/div>\n\t\t<\/div>\n\t\t\t\t<div class=\"elementor-column elementor-col-33 elementor-inner-column elementor-element elementor-element-7ab4a35\" data-id=\"7ab4a35\" data-element_type=\"column\" data-e-type=\"column\">\n\t\t\t<div class=\"elementor-widget-wrap\">\n\t\t\t\t\t\t\t<\/div>\n\t\t<\/div>\n\t\t\t\t\t<\/div>\n\t\t<\/section>\n\t\t\t\t<div class=\"elementor-element elementor-element-0b78642 elementor-hidden-tablet elementor-hidden-mobile elementor-widget elementor-widget-spacer\" data-id=\"0b78642\" data-element_type=\"widget\" data-e-type=\"widget\" data-widget_type=\"spacer.default\">\n\t\t\t\t<div class=\"elementor-widget-container\">\n\t\t\t\t\t\t\t<div class=\"elementor-spacer\">\n\t\t\t<div class=\"elementor-spacer-inner\"><\/div>\n\t\t<\/div>\n\t\t\t\t\t\t<\/div>\n\t\t\t\t<\/div>\n\t\t\t\t\t<\/div>\n\t\t<\/div>\n\t\t\t\t\t<\/div>\n\t\t<\/section>\n\t\t<div class=\"elementor-element elementor-element-74d028e e-flex e-con-boxed e-con e-parent\" data-id=\"74d028e\" data-element_type=\"container\" data-e-type=\"container\" data-settings=\"{&quot;background_background&quot;:&quot;classic&quot;}\">\n\t\t\t\t\t<div class=\"e-con-inner\">\n\t\t<div class=\"elementor-element elementor-element-007222e e-con-full e-flex e-con e-child\" data-id=\"007222e\" data-element_type=\"container\" data-e-type=\"container\">\n\t\t\t\t<div class=\"elementor-element elementor-element-1895aed elementor-widget__width-inherit elementor-widget elementor-widget-oment-hero-title\" data-id=\"1895aed\" data-element_type=\"widget\" data-e-type=\"widget\" data-widget_type=\"oment-hero-title.default\">\n\t\t\t\t<div class=\"elementor-widget-container\">\n\t\t\t\t\t        \n        \n        <div class=\"section-title text-left sec-title-animation animation-style2 oment-hero-title\">\n                        \n                        <h2 class=\"section-title__title title-animation oment-title oment-size-default\">Au-del\u00e0 des obligations r\u00e9glementaires li\u00e9es aux ERP, il s\u2019agit d\u2019un engagement humain et responsable.<\/h2>                        \n                    <\/div>\n    \t\n    \t\t\t\t<\/div>\n\t\t\t\t<\/div>\n\t\t\t\t<\/div>\n\t\t<div class=\"elementor-element elementor-element-17dff20 e-con-full e-flex e-con e-child\" data-id=\"17dff20\" data-element_type=\"container\" data-e-type=\"container\">\n\t\t\t\t<div class=\"elementor-element elementor-element-ef2eae3 elementor-widget elementor-widget-text-editor\" data-id=\"ef2eae3\" data-element_type=\"widget\" data-e-type=\"widget\" data-widget_type=\"text-editor.default\">\n\t\t\t\t<div class=\"elementor-widget-container\">\n\t\t\t\t\t\t\t\t\t<p>Installer un DAE, assurer sa maintenance et former ses \u00e9quipes aux gestes de premiers secours, c\u2019est structurer une v\u00e9ritable culture de pr\u00e9vention et de protection des salari\u00e9s.<\/p>\t\t\t\t\t\t\t\t<\/div>\n\t\t\t\t<\/div>\n\t\t\t\t<div class=\"elementor-element elementor-element-95df920 elementor-widget elementor-widget-text-editor\" data-id=\"95df920\" data-element_type=\"widget\" data-e-type=\"widget\" data-widget_type=\"text-editor.default\">\n\t\t\t\t<div class=\"elementor-widget-container\">\n\t\t\t\t\t\t\t\t\t<p>L\u2019objectif n\u2019est pas de dramatiser.<br data-start=\"1497\" data-end=\"1500\" \/>L\u2019objectif est d\u2019anticiper.<\/p>\t\t\t\t\t\t\t\t<\/div>\n\t\t\t\t<\/div>\n\t\t\t\t<div class=\"elementor-element elementor-element-f2f1aa3 elementor-widget elementor-widget-text-editor\" data-id=\"f2f1aa3\" data-element_type=\"widget\" data-e-type=\"widget\" data-widget_type=\"text-editor.default\">\n\t\t\t\t<div class=\"elementor-widget-container\">\n\t\t\t\t\t\t\t\t\t<p>Parce que sauver une vie ne devrait jamais d\u00e9pendre du hasard.<\/p>\t\t\t\t\t\t\t\t<\/div>\n\t\t\t\t<\/div>\n\t\t\t\t<\/div>\n\t\t\t\t\t<\/div>\n\t\t\t\t<\/div>\n\t\t<div class=\"elementor-element elementor-element-a1d4d54 e-flex e-con-boxed e-con e-parent\" data-id=\"a1d4d54\" data-element_type=\"container\" data-e-type=\"container\" data-settings=\"{&quot;background_background&quot;:&quot;classic&quot;}\">\n\t\t\t\t\t<div class=\"e-con-inner\">\n\t\t\t\t<div class=\"elementor-element elementor-element-ef9b149 blfe-posts-align-left elementor-widget elementor-widget-blfe-post-grid\" data-id=\"ef9b149\" data-element_type=\"widget\" data-e-type=\"widget\" data-settings=\"{&quot;classic1_layout_column_gap&quot;:{&quot;unit&quot;:&quot;px&quot;,&quot;size&quot;:38,&quot;sizes&quot;:[]},&quot;classic1_layout_row_gap&quot;:{&quot;unit&quot;:&quot;px&quot;,&quot;size&quot;:19,&quot;sizes&quot;:[]},&quot;columns&quot;:&quot;3&quot;,&quot;columns_tablet&quot;:&quot;6&quot;,&quot;columns_mobile&quot;:&quot;12&quot;,&quot;classic1_layout_column_gap_laptop&quot;:{&quot;unit&quot;:&quot;px&quot;,&quot;size&quot;:&quot;&quot;,&quot;sizes&quot;:[]},&quot;classic1_layout_column_gap_tablet&quot;:{&quot;unit&quot;:&quot;px&quot;,&quot;size&quot;:&quot;&quot;,&quot;sizes&quot;:[]},&quot;classic1_layout_column_gap_mobile&quot;:{&quot;unit&quot;:&quot;px&quot;,&quot;size&quot;:&quot;&quot;,&quot;sizes&quot;:[]},&quot;classic1_layout_row_gap_laptop&quot;:{&quot;unit&quot;:&quot;px&quot;,&quot;size&quot;:&quot;&quot;,&quot;sizes&quot;:[]},&quot;classic1_layout_row_gap_tablet&quot;:{&quot;unit&quot;:&quot;px&quot;,&quot;size&quot;:&quot;&quot;,&quot;sizes&quot;:[]},&quot;classic1_layout_row_gap_mobile&quot;:{&quot;unit&quot;:&quot;px&quot;,&quot;size&quot;:&quot;&quot;,&quot;sizes&quot;:[]}}\" data-widget_type=\"blfe-post-grid.classic1\">\n\t\t\t\t<div class=\"elementor-widget-container\">\n\t\t\t\t\t\n                        <div class=\"blfe-post-grid-container \">\n            \n                <div data-skin=\"classic1\" class=\"blfe-row blfe-posts-inner blfe-classic1 blfe-posts-inner blfe-col-3 blfe-col-tab-6 blfe-col-mob-12     \">\n                            <div class=\"blfe-post-grid-item \">\n            <div class=\"blfe-post-grid-item-inner blfe-modern-zoom\">\n                <a class=\"blfe-post-grid-image\" href=\"https:\/\/lst-defibrillateur.fr\/index.php\/2026\/04\/03\/un-defibrillateur-sans-suivi-et-pourtant-une-vie-sauvee-en-hauts-de-france\/\" title=\"Un d\u00e9fibrillateur sans suivi\u2026 et pourtant une vie sauv\u00e9e en Hauts-de-France\" rel=\"nofollow\" target=\"_blank\"><img decoding=\"async\" src=\"https:\/\/lst-defibrillateur.fr\/wp-content\/uploads\/2026\/04\/Un-defibrillateur-sans-suivi.jpg\" alt=\"Un d\u00e9fibrillateur sans suivi\u2026 et pourtant une vie sauv\u00e9e en Hauts-de-France\"\/><\/a>                <span class=\"blfe-post-category\"><a href=\"https:\/\/lst-defibrillateur.fr\/index.php\/category\/les-gestes-qui-sauvent\/\">Les Gestes Qui Sauvent<\/a><\/span>                <div class=\"blfe-post-grid-details\">\n                    <div class=\"blfe-post-grid-details-inner\">\n                        <h3 class=\"blfe-post-grid-title\">\n            <a href=\"https:\/\/lst-defibrillateur.fr\/index.php\/2026\/04\/03\/un-defibrillateur-sans-suivi-et-pourtant-une-vie-sauvee-en-hauts-de-france\/\" title=\"Un d\u00e9fibrillateur sans suivi\u2026 et pourtant une vie sauv\u00e9e en Hauts-de-France\" rel=\"nofollow\" target=\"_blank\">Un d\u00e9fibrillateur sans suivi\u2026 et pourtant une vie sauv\u00e9e en Hauts-de-France<\/a>\n            <\/h3>                        <p class=\"blfe-post-grid-excerpt\">Un d\u00e9fibrillateur ancien\u2026 mais une vie sauv\u00e9e sur la C\u00f4te d\u2019Opale Un d\u00e9fibrillateur ancien\u2026mais une vie sauv\u00e9e sur la C\u00f4te d\u2019OpaleL\u2019urgence apr\u00e8s l\u2019urgenceUn appel en urgence par une commune de la C\u00f4te d\u2019Opale.Un d\u00e9fibrillateur ancien,...<\/p>                                    <div class=\"blfe-post-grid-meta\">\n                <span class=\"blfe-post-grid-date\"><i class=\"fa fa-calendar-alt far fa-calendar-alt\"><\/i>3 avril 2026<\/span><span class=\"blfe-post-grid-time\"><i class=\"fas fa-book-reader\"><\/i>3 Min read<\/span>            <\/div>\n                                                        <\/div>\n                <\/div>\n\n            <\/div>\n        <\/div>\n                <div class=\"blfe-post-grid-item \">\n            <div class=\"blfe-post-grid-item-inner blfe-modern-zoom\">\n                <a class=\"blfe-post-grid-image\" href=\"https:\/\/lst-defibrillateur.fr\/index.php\/2026\/04\/01\/lhistoire-vraie-du-defibrillateur-dae\/\" title=\"L\u2019histoire vraie du d\u00e9fibrillateur (DAE)\" rel=\"nofollow\" target=\"_blank\"><img decoding=\"async\" src=\"https:\/\/lst-defibrillateur.fr\/wp-content\/uploads\/2026\/04\/L-histoire-vraie-du-defibrillateur-DAE.jpg\" alt=\"L\u2019histoire vraie du d\u00e9fibrillateur (DAE)\"\/><\/a>                <span class=\"blfe-post-category\"><a href=\"https:\/\/lst-defibrillateur.fr\/index.php\/category\/les-gestes-qui-sauvent\/\">Les Gestes Qui Sauvent<\/a><\/span>                <div class=\"blfe-post-grid-details\">\n                    <div class=\"blfe-post-grid-details-inner\">\n                        <h3 class=\"blfe-post-grid-title\">\n            <a href=\"https:\/\/lst-defibrillateur.fr\/index.php\/2026\/04\/01\/lhistoire-vraie-du-defibrillateur-dae\/\" title=\"L\u2019histoire vraie du d\u00e9fibrillateur (DAE)\" rel=\"nofollow\" target=\"_blank\">L\u2019histoire vraie du d\u00e9fibrillateur (DAE)<\/a>\n            <\/h3>                        <p class=\"blfe-post-grid-excerpt\">Histoire du d\u00e9fibrillateur (DAE) : de l\u2019invention au dispositif automatis\u00e9 moderne L\u2019histoire vraie du d\u00e9fibrillateur (DAE) :\u00a0de l\u2019intuition scientifique \u00e0 l\u2019outil qui sauve des viesDe sa premi\u00e8re utilisation en 1947 aux mod\u00e8les automatis\u00e9s actuels.Le d\u00e9fibrillateur...<\/p>                                    <div class=\"blfe-post-grid-meta\">\n                <span class=\"blfe-post-grid-date\"><i class=\"fa fa-calendar-alt far fa-calendar-alt\"><\/i>1 avril 2026<\/span><span class=\"blfe-post-grid-time\"><i class=\"fas fa-book-reader\"><\/i>6 Min read<\/span>            <\/div>\n                                                        <\/div>\n                <\/div>\n\n            <\/div>\n        <\/div>\n                        <\/div>\n\n                        <\/div>\n            \n                        <div class=\"blfe-post-footer\">\n                        <\/div>\n            \t\t\t\t<\/div>\n\t\t\t\t<\/div>\n\t\t\t\t\t<\/div>\n\t\t\t\t<\/div>\n\t\t\t\t<\/div>\n\t\t","protected":false},"excerpt":{"rendered":"<p>Les gestes qui sauvent en entreprise Un arr\u00eat cardiaque peut survenir \u00e0 tout moment, y compris sur le lieu de travail.Dans un atelier, un bureau, un entrep\u00f4t ou un \u00e9tablissement recevant du public, chaque minute compte. Face \u00e0 une urgence vitale, les gestes qui sauvent en entreprise ne rel\u00e8vent ni du hasard ni de l\u2019improvisation.Ils [&hellip;]<\/p>\n","protected":false},"author":1,"featured_media":0,"parent":0,"menu_order":0,"comment_status":"closed","ping_status":"closed","template":"elementor_canvas","meta":{"postBodyCss":"","postBodyMargin":[],"postBodyPadding":[],"postBodyBackground":{"backgroundType":"classic","gradient":""},"footnotes":""},"class_list":["post-13270","page","type-page","status-publish","hentry"],"jetpack_sharing_enabled":false,"_links":{"self":[{"href":"https:\/\/lst-defibrillateur.fr\/index.php\/wp-json\/wp\/v2\/pages\/13270","targetHints":{"allow":["GET"]}}],"collection":[{"href":"https:\/\/lst-defibrillateur.fr\/index.php\/wp-json\/wp\/v2\/pages"}],"about":[{"href":"https:\/\/lst-defibrillateur.fr\/index.php\/wp-json\/wp\/v2\/types\/page"}],"author":[{"embeddable":true,"href":"https:\/\/lst-defibrillateur.fr\/index.php\/wp-json\/wp\/v2\/users\/1"}],"replies":[{"embeddable":true,"href":"https:\/\/lst-defibrillateur.fr\/index.php\/wp-json\/wp\/v2\/comments?post=13270"}],"version-history":[{"count":0,"href":"https:\/\/lst-defibrillateur.fr\/index.php\/wp-json\/wp\/v2\/pages\/13270\/revisions"}],"wp:attachment":[{"href":"https:\/\/lst-defibrillateur.fr\/index.php\/wp-json\/wp\/v2\/media?parent=13270"}],"curies":[{"name":"wp","href":"https:\/\/api.w.org\/{rel}","templated":true}]}}